{"id":2,"date":"2016-05-10T03:48:21","date_gmt":"2016-05-10T03:48:21","guid":{"rendered":"http:\/\/taherkhani.com\/?page_id=2"},"modified":"2024-06-02T22:15:45","modified_gmt":"2024-06-02T20:15:45","slug":"sample-page","status":"publish","type":"page","link":"https:\/\/taherkhani.de\/?page_id=2","title":{"rendered":"\u00dcber mich"},"content":{"rendered":"<p><b>Frank Taherkhani <\/b>studierte Volkswirtschaftslehre, Germanistik und Philosophie, die beiden letzteren sogar erfolgreich. Seine Magisterarbeit in Philosophie schrieb er \u00fcber <a href=\"https:\/\/taherkhani.de\/?cat=7\">Vorurteile<\/a>.<\/p>\n<p>Nein, Frank f\u00e4hrt nicht Taxi, er verdient seinen Lebensunterhalt haupts\u00e4chlich mit seinen F\u00e4usten. Seit 40 Jahren praktiziert er verschiedene Kampfk\u00fcnste, die er 2005 zu seinem Beruf machte: Er ist Lehrer f\u00fcr Selbstverteidigung und f\u00fchrt eine eigene <a href=\"http:\/\/www.wt-gp.de\/\">Kampfkunst-Schule<\/a>.<\/p>\n<p>Zusammen mit seiner Partnerin leitet er daneben deutschlandweit und international Seminare, die sich mit K\u00f6rper- und Selbsterfahrung befassen; ihre Konzepte sind weitgehend eigene, origin\u00e4re Entwicklungen. Eine wichtige Basis f\u00fcr seine Arbeit ist neben fortgeschrittenem K\u00f6rperwissen aus den Kampfk\u00fcnsten die philosophisch-kritische Auseinandersetzung mit unserem Verst\u00e4ndnis von K\u00f6rperlichkeit und <a href=\"https:\/\/taherkhani.de\/?p=689\">Spiel<\/a>. Frank und seine Partnerin gelten als einflussreiche Pioniere des <a href=\"http:\/\/www.raufen.com\/\">Playfighting<\/a>.<\/p>\n<p>Gelegentliche \u00f6ffentliche Auftritte, Interviews, Vortr\u00e4ge u.a. zu den Themen: Selbstverteidigung, Playfighting, Vorurteile, Gewalt, K\u00f6rperlichkeit, Philosophie und <a href=\"https:\/\/de.wikipedia.org\/wiki\/Polyamorie\">Polyamorie<\/a>.<\/p>\n","protected":false},"excerpt":{"rendered":"<p>Frank Taherkhani studierte Volkswirtschaftslehre, Germanistik und Philosophie, die beiden letzteren sogar erfolgreich. Seine Magisterarbeit in Philosophie schrieb er \u00fcber Vorurteile. Nein, Frank f\u00e4hrt nicht Taxi, er verdient seinen Lebensunterhalt haupts\u00e4chlich mit seinen F\u00e4usten. Seit 40 Jahren praktiziert er verschiedene Kampfk\u00fcnste, die er 2005 zu seinem Beruf machte: Er ist Lehrer f\u00fcr Selbstverteidigung und f\u00fchrt eine &hellip; <\/p>\n<p class=\"link-more\"><a href=\"https:\/\/taherkhani.de\/?page_id=2\" class=\"more-link\"><span class=\"screen-reader-text\">\u201e\u00dcber mich\u201c<\/span> weiterlesen<\/a><\/p>\n","protected":false},"author":1,"featured_media":0,"parent":0,"menu_order":0,"comment_status":"closed","ping_status":"open","template":"","meta":{"footnotes":""},"jetpack_sharing_enabled":true,"_links":{"self":[{"href":"https:\/\/taherkhani.de\/index.php?rest_route=\/wp\/v2\/pages\/2"}],"collection":[{"href":"https:\/\/taherkhani.de\/index.php?rest_route=\/wp\/v2\/pages"}],"about":[{"href":"https:\/\/taherkhani.de\/index.php?rest_route=\/wp\/v2\/types\/page"}],"author":[{"embeddable":true,"href":"https:\/\/taherkhani.de\/index.php?rest_route=\/wp\/v2\/users\/1"}],"replies":[{"embeddable":true,"href":"https:\/\/taherkhani.de\/index.php?rest_route=%2Fwp%2Fv2%2Fcomments&post=2"}],"version-history":[{"count":49,"href":"https:\/\/taherkhani.de\/index.php?rest_route=\/wp\/v2\/pages\/2\/revisions"}],"predecessor-version":[{"id":2272,"href":"https:\/\/taherkhani.de\/index.php?rest_route=\/wp\/v2\/pages\/2\/revisions\/2272"}],"wp:attachment":[{"href":"https:\/\/taherkhani.de\/index.php?rest_route=%2Fwp%2Fv2%2Fmedia&parent=2"}],"curies":[{"name":"wp","href":"https:\/\/api.w.org\/{rel}","templated":true}]}}